{"id":2302,"date":"2022-04-26T13:33:04","date_gmt":"2022-04-26T11:33:04","guid":{"rendered":"https:\/\/www.madabel.com\/politique-de-confidentialite\/"},"modified":"2025-10-02T10:18:07","modified_gmt":"2025-10-02T08:18:07","slug":"privacy-policy","status":"publish","type":"page","link":"https:\/\/www.madabel.com\/en\/privacy-policy\/","title":{"rendered":"Privacy policy"},"content":{"rendered":"<div class=\"wpb-content-wrapper\"><p>[vc_row][vc_column][vc_column_text css=&#8221;&#8221;]<\/p>\n<h1>Data protection declaration<\/h1>\n<h2>1. Who we are<\/h2>\n<p><strong>MADABEL LEADERSHIP &amp; TRANSFORMATION (MLT) SARL<\/strong><\/p>\n<p><strong>ADVICE &amp; MANAGEMENT SRL<\/strong><\/p>\n<p>Leadership coaching<\/p>\n<p><strong>Mission<\/strong><\/p>\n<p>Leadership coaching for middle-management companies with &gt;100 employees, with 3 targets: neo-managers, high-potential executives, C-levels.<\/p>\n<p><strong>Contact<\/strong><\/p>\n<p>Advice &amp; Management SRL<\/p>\n<p>Rue Saint-Jean 29, 1435 Mont-Saint-Guibert, Brabant wallon, Belgium<\/p>\n<p>+32 496 73 41 81<\/p>\n<p>gerald@madabel.com<\/p>\n<p>BE 0860.002.889<\/p>\n<p>ADVICE &amp; MANAGEMENT SRL is committed to complying with the legislation in force in Belgium and Europe, and does everything in its power to prevent any unauthorized or illicit use of your personal data. To this end, we use appropriate procedures and systems to ensure that only authorized persons have access to your information. In addition, we remind you that these persons are bound by a duty of confidentiality in the course of their duties.<\/p>\n<h2>2. Why do we process your personal data?<\/h2>\n<h3>2.1. Dissemination and collection of information and processing of files<\/h3>\n<h4>2.1.1 Answering questions via the contact form<\/h4>\n<p>We process personal data in order to guarantee the security (of information) and smooth running of our organization.<\/p>\n<p>&nbsp;<\/p>\n<table>\n<tbody>\n<tr>\n<td width=\"170\"><strong>What personal data <\/strong><strong style=\"font-family: inherit; font-size: inherit;\">?<\/strong><\/td>\n<td width=\"151\"><strong>How did we obtain this data <\/strong><strong style=\"font-family: inherit; font-size: inherit;\">?<\/strong><\/td>\n<td width=\"132\"><strong>How long ?<\/strong><\/td>\n<td width=\"151\"><strong>With whom is this data shared <\/strong><strong style=\"font-family: inherit; font-size: inherit;\">?<\/strong><\/td>\n<\/tr>\n<tr>\n<td width=\"170\">Identification data, contact details and data relating to the question, information or order<\/td>\n<td width=\"151\">Directly from the person(s) concerned OR indirectly from one or more other person(s)<\/td>\n<td width=\"132\">3 years after the last contact<\/td>\n<td width=\"151\">Subcontractors who look after our ICT infrastructure if their intervention requires it.<\/td>\n<\/tr>\n<\/tbody>\n<\/table>\n<p>&nbsp;<\/p>\n<p>Indirectly from one or more other person(s): in some cases, we receive a request concerning someone else and this means that we may therefore have personal data from one or more other person(s).<\/p>\n<h4>2.1.2. Order processing<\/h4>\n<p>We process personal data in order to guarantee (information) security and the smooth running of our organization.<\/p>\n<table>\n<tbody>\n<tr>\n<td width=\"170\"><strong>Quelles donn\u00e9es \u00e0 caract\u00e8re personnel ?<\/strong><\/td>\n<td width=\"151\"><strong>Comment avons-nous obtenu ces donn\u00e9es ?<\/strong><\/td>\n<td width=\"132\"><strong>Combien de temps ?<\/strong><\/td>\n<td width=\"151\"><strong>Avec qui ces donn\u00e9es sont-elles partag\u00e9es ?<\/strong><\/td>\n<\/tr>\n<tr>\n<td width=\"170\">Donn\u00e9es d\u2019identification, coordonn\u00e9es et donn\u00e9es concernant la question, les informations ou la commande<\/td>\n<td width=\"151\">Directement de la (des) personne(s) concern\u00e9e(s) OU indirectement d&#8217;une ou de plusieurs autre(s) personne(s)<\/td>\n<td width=\"132\">3 ans apr\u00e8s le dernier contact<\/td>\n<td width=\"151\">Des sous-traitants qui s\u2019occupent de notre infrastructure ICT si leur intervention le n\u00e9cessite<\/td>\n<\/tr>\n<\/tbody>\n<\/table>\n<p>&nbsp;<\/p>\n<p>Indirectly from one or more other person(s): in some cases, we receive a request concerning someone else and this means that we may therefore have personal data from one or more other person(s).<\/p>\n<h4>2.1.3. Exercise of data subjects&#8217; rights in relation to processing carried out by Advice &amp; Management SRL<\/h4>\n<p>We process personal data because we need it to carry out our legally defined tasks<\/p>\n<table>\n<tbody>\n<tr>\n<td width=\"170\"><strong>Quelles donn\u00e9es \u00e0 caract\u00e8re personnel ?<\/strong><\/td>\n<td width=\"151\"><strong>Comment avons-nous obtenu ces donn\u00e9es ?<\/strong><\/td>\n<td width=\"132\"><strong>Combien de temps ?<\/strong><\/td>\n<td width=\"151\"><strong>Avec qui ces donn\u00e9es sont-elles partag\u00e9es ?<\/strong><\/td>\n<\/tr>\n<tr>\n<td width=\"170\">Donn\u00e9es d\u2019identification, coordonn\u00e9es et donn\u00e9es concernant la question, les informations ou la commande<\/td>\n<td width=\"151\">Directement de la personne concern\u00e9e<\/td>\n<td width=\"132\">1 an apr\u00e8s la cl\u00f4ture du dossier<\/td>\n<td width=\"151\">Des sous-traitants qui s\u2019occupent de notre infrastructure ICT si leur intervention le n\u00e9cessite<\/td>\n<\/tr>\n<\/tbody>\n<\/table>\n<p>&nbsp;<\/p>\n<h2>2.2 Organization management<\/h2>\n<h4>2.2.1. Website<\/h4>\n<p>When you visit our website, we process certain personal data such as IP addresses and cookies in order to ensure the proper functioning and security of our website.<\/p>\n<p>The processing of personal data obtained in this way is based on our legitimate interest in the security and proper operation of our website and on your consent to the analysis of the use of our website. Except for necessary cookies, we always ask for your consent. Below is a list of the cookies used on our website.<\/p>\n<p><strong>Cookies<\/strong><\/p>\n<p>A cookie is a small text file that may be stored on your computer when you visit a website. Information is stored in a text file, such as your choice of language for a website. When you visit the website again at a later date, this cookie is sent back to the website in question. In this way, the website recognizes your browser and can remember your choice of language, for example.<\/p>\n<p>Cookies generally also have an expiry date. Some cookies, for example, are automatically deleted when you close your browser (so-called session cookies), while others remain on your computer for longer, sometimes even until you delete them manually (so-called permanent cookies).<\/p>\n<p><strong>Why do we use cookies?<\/strong><\/p>\n<p>Advice &amp; Management SRL, the operator of this website, uses three types of cookies on Madabel.com:<\/p>\n<ul>\n<li>essential cookies ;<\/li>\n<li>analytical cookies.<\/li>\n<\/ul>\n<p>Advice &amp; Management SRL uses essential and functional cookies to manage the content of its website. These cookies are necessary for the proper functioning of this website. It is not possible to refuse these cookies if you wish to visit our website.<\/p>\n<p>Advice &amp; Management SRL also uses \u201cGoogle Analytics\u201d for analytical purposes. This analysis tool installs cookies that we use to quantify visits (traffic) to the website. In particular, this allows us to know how many times a given page has been read. We use this information solely to improve the content of our website, or as the basis for a new campaign on a certain topic of high interest. The use of these cookies for analysis purposes is subject to your prior consent. These cookies will therefore only be installed on your device with your consent.<\/p>\n<p><strong>List of essential and functional cookies<\/strong><\/p>\n<p>You can refuse the cookies below if you wish to browse our website.<\/p>\n<p>&nbsp;<\/p>\n<table width=\"604\">\n<tbody>\n<tr>\n<td width=\"226\"><strong>Nom<\/strong><\/td>\n<td width=\"104\"><strong>Ech\u00e9ance<\/strong><\/td>\n<td width=\"274\"><strong>Objectif<\/strong><\/td>\n<\/tr>\n<tr>\n<td width=\"226\">axeptio_cookies<\/td>\n<td width=\"104\">12 mois<\/td>\n<td width=\"274\">Axeptio. Contient toutes les informations sur le consentement du visiteur, comme la date, son identifiant anonyme unique, et s\u2019il a d\u00e9j\u00e0 consenti ou non<\/td>\n<\/tr>\n<tr>\n<td width=\"226\">axeptio_all_vendors<\/td>\n<td width=\"104\">12 mois<\/td>\n<td width=\"274\">Axeptio. Contient la liste de tous les cookies d\u00e9clar\u00e9s dans le widget Axeptio<\/td>\n<\/tr>\n<tr>\n<td width=\"226\">axeptio_authorized_vendors<\/td>\n<td width=\"104\">12 mois<\/td>\n<td width=\"274\">Axeptio. Contient la liste des cookies accept\u00e9s par le visiteur.<\/td>\n<\/tr>\n<tr>\n<td width=\"226\">Wp-wpml_current_language<\/td>\n<td width=\"104\">Session<\/td>\n<td width=\"274\">WPML. M\u00e9morise la langue actuelle du site<\/td>\n<\/tr>\n<tr>\n<td width=\"226\">wpml_browser_redirect_test<\/td>\n<td width=\"104\">24 heures<\/td>\n<td width=\"274\">WPML. Test si les cookies sont actifs sur le site.<\/td>\n<\/tr>\n<tr>\n<td width=\"226\">_icl_visitor_lang_js<\/td>\n<td width=\"104\">24 heures<\/td>\n<td width=\"274\">WPML. M\u00e9morise la langue qui a \u00e9t\u00e9 redirig\u00e9e.<\/td>\n<\/tr>\n<tr>\n<td width=\"226\">_GRECAPTCHA<\/td>\n<td width=\"104\">179 jours<\/td>\n<td width=\"274\">Google. Ce cookie est utilis\u00e9 pour distinguer les humains des robots et limiter les formulaires de contacts frauduleux ou ind\u00e9sirables.<\/td>\n<\/tr>\n<\/tbody>\n<\/table>\n<p>&nbsp;<\/p>\n<p><strong>List of analytical cookies<\/strong><\/p>\n<p>You can refuse the cookies below if you wish to browse our website.<\/p>\n<p>&nbsp;<\/p>\n<table width=\"604\">\n<tbody>\n<tr>\n<td width=\"226\"><strong>Nom<\/strong><\/td>\n<td width=\"104\"><strong>Ech\u00e9ance<\/strong><\/td>\n<td width=\"274\"><strong>Objectif<\/strong><\/td>\n<\/tr>\n<tr>\n<td width=\"226\">ga<\/td>\n<td width=\"104\">13 mois<\/td>\n<td width=\"274\">Google Analytics. Distinguer les utilisateurs uniques en attribuant un num\u00e9ro g\u00e9n\u00e9r\u00e9 al\u00e9atoirement en tant qu&#8217;identifiant client<\/td>\n<\/tr>\n<tr>\n<td width=\"226\">_gat<\/td>\n<td width=\"104\">1 minute<\/p>\n<p>&nbsp;<\/td>\n<td width=\"274\">Google Analytics. R\u00e9duire le nombre de demandes<\/td>\n<\/tr>\n<tr>\n<td width=\"226\">_gid<\/td>\n<td width=\"104\">24 heures<\/td>\n<td width=\"274\">Google Analytics. Stocker et mettre \u00e0 jour une valeur unique pour chaque page visit\u00e9e<\/td>\n<\/tr>\n<tr>\n<td width=\"226\">tk_rl \/ tk_tc \/ tk_ro<\/td>\n<td width=\"104\">Session<\/td>\n<td width=\"274\">JetPack. R\u00e9colte des donn\u00e9es \u00e0 propos de l\u2019utilisation que font les utilisateurs du site internet afin d\u2019am\u00e9liorer le service propos\u00e9 par JetPack.<\/td>\n<\/tr>\n<tr>\n<td width=\"226\">tk_ai<\/td>\n<td width=\"104\">Session<\/td>\n<td width=\"274\">JetPack. R\u00e9colte un ID anonyme g\u00e9n\u00e9r\u00e9 automatiquement. Il est uniquement utilis\u00e9 dans l\u2019interface admin pour permettre des analyses g\u00e9n\u00e9rales.<\/td>\n<\/tr>\n<tr>\n<td width=\"226\">tk_lr \/ tk_or<\/td>\n<td width=\"104\">13 mois<\/td>\n<td width=\"274\">JetPack. Utilis\u00e9 pour analyser le comportement de r\u00e9f\u00e9rence.<\/td>\n<\/tr>\n<tr>\n<td width=\"226\">tk_r3d<\/td>\n<td width=\"104\">72 heures<\/td>\n<td width=\"274\">JetPack. Utilis\u00e9 pour des m\u00e9triques internes concernant l\u2019activit\u00e9 de l\u2019utilisateur pour permettre d\u2019am\u00e9liorer l\u2019exp\u00e9rience utilisateur.<\/td>\n<\/tr>\n<\/tbody>\n<\/table>\n<p>&nbsp;<\/p>\n<p><strong>How can I see which cookies are installed on my device and how can I delete them?<\/strong><\/p>\n<p>If you want to know which cookies are installed on your device, or if you want to delete them, you can use a setting in your browser. You can find more information on how to do this in the links below.<\/p>\n<table>\n<tbody>\n<tr>\n<td width=\"151\"><strong>Firefox<\/strong><\/td>\n<td width=\"151\"><strong>Chrome<\/strong><\/td>\n<td width=\"151\"><strong>Safari<\/strong><\/td>\n<td width=\"151\"><strong>Internet Explorer<\/strong><\/td>\n<\/tr>\n<tr>\n<td width=\"151\"><a href=\"https:\/\/support.mozilla.org\/fr\/kb\/cookies-informations-sites-enregistrent\">Firefox<\/a><\/td>\n<td width=\"151\"><a href=\"https:\/\/support.google.com\/chrome\/answer\/95647?hl=fr\">Chrome<\/a><\/td>\n<td width=\"151\"><a href=\"https:\/\/support.apple.com\/fr-be\/guide\/safari\/sfri11471\/mac\">Safari<\/a><\/td>\n<td width=\"151\"><a href=\"https:\/\/support.microsoft.com\/fr-fr\/topic\/supprimer-et-g%C3%A9rer-les-cookies-168dab11-0753-043d-7c16-ede5947fc64d\">Internet Explorer<\/a><\/td>\n<\/tr>\n<tr>\n<td width=\"151\">Firefox (mobile)<\/td>\n<td width=\"151\"><a href=\"https:\/\/support.google.com\/chrome\/answer\/95647?hl=fr&amp;co=GENIE.Platform%3DAndroid&amp;oco=1\">Chrome (mobile)<\/a><\/td>\n<td width=\"151\"><a href=\"https:\/\/support.apple.com\/fr-be\/HT201265\">Safari (mobile)<\/a><\/td>\n<td width=\"151\"><a href=\"https:\/\/support.microsoft.com\/fr-fr\/microsoft-edge\/supprimer-les-cookies-dans-microsoft-edge-63947406-40ac-c3b8-57b9-2a946a29ae09\">Microsoft Edge<\/a><\/td>\n<\/tr>\n<\/tbody>\n<\/table>\n<p>&nbsp;<\/p>\n<p>Are you using another browser? Check that the procedure for your browser is included on the <a href=\"http:\/\/www.allaboutcookies.org\/manage-cookies\">www.allaboutcookies.org\/manage-cookies<\/a> website. This site is only available in English.<\/p>\n<h4>2.2.2. External links<\/h4>\n<p>The Advice &amp; Management SRL website contains external links to other websites. Activation of these links is the responsibility of the user. However, we advise you to consult the privacy statement and cookie policy of the site concerned.<\/p>\n<h4>2.2.3. Newsletter<\/h4>\n<p>We process personal data in order to guarantee the security (of information) and smooth running of our organization.<\/p>\n<table>\n<tbody>\n<tr>\n<td width=\"170\"><strong>Quelles donn\u00e9es \u00e0 caract\u00e8re personnel ?<\/strong><\/td>\n<td width=\"151\"><strong>Comment avons-nous obtenu ces donn\u00e9es ?<\/strong><\/td>\n<td width=\"132\"><strong>Combien de temps ?<\/strong><\/td>\n<td width=\"151\"><strong>Avec qui ces donn\u00e9es sont-elles partag\u00e9es ?<\/strong><\/td>\n<\/tr>\n<tr>\n<td width=\"170\">Donn\u00e9es d\u2019identification et coordonn\u00e9es<\/p>\n<p>&nbsp;<\/td>\n<td width=\"151\">Directement de la personne concern\u00e9e<\/td>\n<td width=\"132\">Jusqu\u2019au retrait du consentement<\/p>\n<p>&nbsp;<\/td>\n<td width=\"151\">Des sous-traitants qui s\u2019occupent de notre infrastructure ICT si leur intervention le n\u00e9cessite<\/td>\n<\/tr>\n<\/tbody>\n<\/table>\n<p>&nbsp;<\/p>\n<p>Insofar as you have given your express prior consent, we are entitled to send you newsletters by e-mail. However, if you no longer wish to receive our newsletters, you may unsubscribe at any time using the unsubscribe option provided.<\/p>\n<h2>3. Your rights and how to exercise them<\/h2>\n<p>If you have a complaint, question or problem about the way we use your personal data, please contact us.<\/p>\n<p>Advice &amp; Management SRL<\/p>\n<p>Rue Saint-Jean 29<\/p>\n<p>1435 Mont-Saint-Guibert<\/p>\n<p>Walloon Brabant<\/p>\n<p>Belgium<\/p>\n<p>gerald@madabel.com<\/p>\n<p>If you contact us to exercise your rights, we will reply within 1 month. Exceptionally, this period may be extended (up to a maximum of 3 months), but we will give you the reason within 1 month. Whether or not you can exercise your rights depends on the processing and the legal basis.<\/p>\n<p>Make sure you always state clearly which right you wish to exercise and how you wish to receive information (e.g. by e-mail, post, verbally, etc.). Please bear in mind that in some cases we may need additional information. We want to make sure we&#8217;re helping the right person.<\/p>\n<h3>3.1. Right of access<\/h3>\n<p>You have the right to ask us about the personal data we hold about you. We can provide you with a copy free of charge, but this is not possible for all documents. We respect the rights and freedoms of others.<\/p>\n<h3>3.2. Right of rectification<\/h3>\n<p>Do you think your data is inaccurate or out of date? You have the right to ask us to correct it.<\/p>\n<h3>3.3. Right to object<\/h3>\n<p>You have the right to ask us to stop processing your personal data.<\/p>\n<h3>3.4. Right to limit processing<\/h3>\n<p>You may ask us to limit the processing of your personal data, for example when we verify the accuracy of your personal data.<\/p>\n<h3>3.5. Right to be forgotten or deleted<\/h3>\n<p>You have the right to ask us to delete your personal data. If we are legally obliged to retain certain personal data, we cannot comply with this request.<\/p>\n<h3>3.6. Right to withdraw consent<\/h3>\n<p>Where the processing of personal data is based on your consent, such consent may be withdrawn.<\/p>\n<h3>3.7. Right to lodge a complaint with the supervisory authority<\/h3>\n<p>If you consider that the processing of your personal data constitutes a breach of the European Data Protection Regulation, you have the right to lodge a complaint with a supervisory authority.<\/p>\n<p>Data Protection Authority<\/p>\n<p>Rue de la Presse, 35<\/p>\n<p>1000 Brussels<\/p>\n<h2>4. Scope of the Privacy Policy<\/h2>\n<p>Unless otherwise specified, this Privacy Policy is intended to apply to all Advice &amp; Management SRL websites, applications, tools, etc., as well as to all the services we offer and for which explicit reference is made to it.<\/p>\n<p>Please note that our privacy policy may change over time. Any changes are immediately applicable as soon as they are published. For this reason, we invite you to consult it regularly.<\/p>\n<p>Except where required by law or in cases where communication of your data is necessary to process your request or to carry out our tasks as described in point 3 (communication to public authorities, communication to our subcontractors, etc.), we will not disclose any of your personal data to third parties without obtaining your prior consent. Furthermore, when we communicate your data to other entities, we always take care to disclose only the personal data that is strictly necessary to achieve the purpose of the processing that concerns you.[\/vc_column_text][\/vc_column][\/vc_row]<\/p>\n<\/div>","protected":false},"excerpt":{"rendered":"<p>[vc_row][vc_column][vc_column_text css=&#8221;&#8221;] Data protection declaration 1. Who we are MADABEL LEADERSHIP &amp; TRANSFORMATION (MLT) SARL ADVICE &amp; MANAGEMENT SRL Leadership coaching Mission Leadership coaching for middle-management companies with &gt;100 employees, with 3 targets: neo-managers, high-potential executives, C-levels. Contact Advice &amp; Management SRL Rue Saint-Jean 29, 1435 Mont-Saint-Guibert, Brabant wallon, Belgium +32 496 73 41 81&hellip;<\/p>\n","protected":false},"author":1,"featured_media":0,"parent":0,"menu_order":100,"comment_status":"closed","ping_status":"closed","template":"","meta":{"footnotes":""},"class_list":["post-2302","page","type-page","status-publish","hentry","description-off"],"yoast_head":"<!-- This site is optimized with the Yoast SEO plugin v26.8 - https:\/\/yoast.com\/product\/yoast-seo-wordpress\/ -->\n<title>Privacy policy - Madabel<\/title>\n<meta name=\"robots\" content=\"index, follow, max-snippet:-1, max-image-preview:large, max-video-preview:-1\" \/>\n<link rel=\"canonical\" href=\"https:\/\/www.madabel.com\/en\/privacy-policy\/\" \/>\n<meta property=\"og:locale\" content=\"en_US\" \/>\n<meta property=\"og:type\" content=\"article\" \/>\n<meta property=\"og:title\" content=\"Privacy policy - Madabel\" \/>\n<meta property=\"og:description\" content=\"[vc_row][vc_column][vc_column_text css=&#8221;&#8221;] Data protection declaration 1. Who we are MADABEL LEADERSHIP &amp; TRANSFORMATION (MLT) SARL ADVICE &amp; MANAGEMENT SRL Leadership coaching Mission Leadership coaching for middle-management companies with &gt;100 employees, with 3 targets: neo-managers, high-potential executives, C-levels. Contact Advice &amp; Management SRL Rue Saint-Jean 29, 1435 Mont-Saint-Guibert, Brabant wallon, Belgium +32 496 73 41 81&hellip;\" \/>\n<meta property=\"og:url\" content=\"https:\/\/www.madabel.com\/en\/privacy-policy\/\" \/>\n<meta property=\"og:site_name\" content=\"Madabel\" \/>\n<meta property=\"article:modified_time\" content=\"2025-10-02T08:18:07+00:00\" \/>\n<meta name=\"twitter:card\" content=\"summary_large_image\" \/>\n<meta name=\"twitter:label1\" content=\"Est. reading time\" \/>\n\t<meta name=\"twitter:data1\" content=\"10 minutes\" \/>\n<script type=\"application\/ld+json\" class=\"yoast-schema-graph\">{\"@context\":\"https:\/\/schema.org\",\"@graph\":[{\"@type\":\"WebPage\",\"@id\":\"https:\/\/www.madabel.com\/en\/privacy-policy\/\",\"url\":\"https:\/\/www.madabel.com\/en\/privacy-policy\/\",\"name\":\"Privacy policy - Madabel\",\"isPartOf\":{\"@id\":\"https:\/\/www.madabel.com\/en\/#website\"},\"datePublished\":\"2022-04-26T11:33:04+00:00\",\"dateModified\":\"2025-10-02T08:18:07+00:00\",\"breadcrumb\":{\"@id\":\"https:\/\/www.madabel.com\/en\/privacy-policy\/#breadcrumb\"},\"inLanguage\":\"en-US\",\"potentialAction\":[{\"@type\":\"ReadAction\",\"target\":[\"https:\/\/www.madabel.com\/en\/privacy-policy\/\"]}]},{\"@type\":\"BreadcrumbList\",\"@id\":\"https:\/\/www.madabel.com\/en\/privacy-policy\/#breadcrumb\",\"itemListElement\":[{\"@type\":\"ListItem\",\"position\":1,\"name\":\"Accueil\",\"item\":\"https:\/\/www.madabel.com\/en\/\"},{\"@type\":\"ListItem\",\"position\":2,\"name\":\"Privacy policy\"}]},{\"@type\":\"WebSite\",\"@id\":\"https:\/\/www.madabel.com\/en\/#website\",\"url\":\"https:\/\/www.madabel.com\/en\/\",\"name\":\"Madabel\",\"description\":\"R\u00e9ussir avec le Leadership Humaniste\",\"potentialAction\":[{\"@type\":\"SearchAction\",\"target\":{\"@type\":\"EntryPoint\",\"urlTemplate\":\"https:\/\/www.madabel.com\/en\/?s={search_term_string}\"},\"query-input\":{\"@type\":\"PropertyValueSpecification\",\"valueRequired\":true,\"valueName\":\"search_term_string\"}}],\"inLanguage\":\"en-US\"}]}<\/script>\n<!-- \/ Yoast SEO plugin. -->","yoast_head_json":{"title":"Privacy policy - Madabel","robots":{"index":"index","follow":"follow","max-snippet":"max-snippet:-1","max-image-preview":"max-image-preview:large","max-video-preview":"max-video-preview:-1"},"canonical":"https:\/\/www.madabel.com\/en\/privacy-policy\/","og_locale":"en_US","og_type":"article","og_title":"Privacy policy - Madabel","og_description":"[vc_row][vc_column][vc_column_text css=&#8221;&#8221;] Data protection declaration 1. Who we are MADABEL LEADERSHIP &amp; TRANSFORMATION (MLT) SARL ADVICE &amp; MANAGEMENT SRL Leadership coaching Mission Leadership coaching for middle-management companies with &gt;100 employees, with 3 targets: neo-managers, high-potential executives, C-levels. Contact Advice &amp; Management SRL Rue Saint-Jean 29, 1435 Mont-Saint-Guibert, Brabant wallon, Belgium +32 496 73 41 81&hellip;","og_url":"https:\/\/www.madabel.com\/en\/privacy-policy\/","og_site_name":"Madabel","article_modified_time":"2025-10-02T08:18:07+00:00","twitter_card":"summary_large_image","twitter_misc":{"Est. reading time":"10 minutes"},"schema":{"@context":"https:\/\/schema.org","@graph":[{"@type":"WebPage","@id":"https:\/\/www.madabel.com\/en\/privacy-policy\/","url":"https:\/\/www.madabel.com\/en\/privacy-policy\/","name":"Privacy policy - Madabel","isPartOf":{"@id":"https:\/\/www.madabel.com\/en\/#website"},"datePublished":"2022-04-26T11:33:04+00:00","dateModified":"2025-10-02T08:18:07+00:00","breadcrumb":{"@id":"https:\/\/www.madabel.com\/en\/privacy-policy\/#breadcrumb"},"inLanguage":"en-US","potentialAction":[{"@type":"ReadAction","target":["https:\/\/www.madabel.com\/en\/privacy-policy\/"]}]},{"@type":"BreadcrumbList","@id":"https:\/\/www.madabel.com\/en\/privacy-policy\/#breadcrumb","itemListElement":[{"@type":"ListItem","position":1,"name":"Accueil","item":"https:\/\/www.madabel.com\/en\/"},{"@type":"ListItem","position":2,"name":"Privacy policy"}]},{"@type":"WebSite","@id":"https:\/\/www.madabel.com\/en\/#website","url":"https:\/\/www.madabel.com\/en\/","name":"Madabel","description":"R\u00e9ussir avec le Leadership Humaniste","potentialAction":[{"@type":"SearchAction","target":{"@type":"EntryPoint","urlTemplate":"https:\/\/www.madabel.com\/en\/?s={search_term_string}"},"query-input":{"@type":"PropertyValueSpecification","valueRequired":true,"valueName":"search_term_string"}}],"inLanguage":"en-US"}]}},"jetpack_sharing_enabled":true,"_links":{"self":[{"href":"https:\/\/www.madabel.com\/en\/wp-json\/wp\/v2\/pages\/2302","targetHints":{"allow":["GET"]}}],"collection":[{"href":"https:\/\/www.madabel.com\/en\/wp-json\/wp\/v2\/pages"}],"about":[{"href":"https:\/\/www.madabel.com\/en\/wp-json\/wp\/v2\/types\/page"}],"author":[{"embeddable":true,"href":"https:\/\/www.madabel.com\/en\/wp-json\/wp\/v2\/users\/1"}],"replies":[{"embeddable":true,"href":"https:\/\/www.madabel.com\/en\/wp-json\/wp\/v2\/comments?post=2302"}],"version-history":[{"count":2,"href":"https:\/\/www.madabel.com\/en\/wp-json\/wp\/v2\/pages\/2302\/revisions"}],"predecessor-version":[{"id":2460,"href":"https:\/\/www.madabel.com\/en\/wp-json\/wp\/v2\/pages\/2302\/revisions\/2460"}],"wp:attachment":[{"href":"https:\/\/www.madabel.com\/en\/wp-json\/wp\/v2\/media?parent=2302"}],"curies":[{"name":"wp","href":"https:\/\/api.w.org\/{rel}","templated":true}]}}